{"id":533,"date":"2018-06-01T18:49:30","date_gmt":"2018-06-01T16:49:30","guid":{"rendered":"https:\/\/www.lst-bremen.de\/?page_id=533"},"modified":"2022-11-11T10:10:20","modified_gmt":"2022-11-11T09:10:20","slug":"contact","status":"publish","type":"page","link":"https:\/\/www.lst-bremen.de\/en\/contact\/","title":{"rendered":"Contact"},"content":{"rendered":"<div class=\"wpb-content-wrapper\"><p>[vc_row section_type=&#8221;fullwidth&#8221; padding_top_multiplier=&#8221;&#8221; padding_bottom_multiplier=&#8221;&#8221; columns_gap=&#8221;none&#8221; margin_bottom=&#8221;0&#8243;][vc_column tablet_sm_width=&#8221;1&#8243;]<div class=\"grve-map-wrapper\"><div class=\"grve-element grve-map\" data-lat=\"53.0555332\" data-lng=\"8.7982513\" data-zoom=\"14\" data-disable-style=\"no\" style=\"height: 400px;\"><\/div>  <div style=\"display:none\" class=\"grve-map-point\" data-point-marker=\"\" data-point-lat=\"53.0555332\" data-point-lng=\"8.7982513\" data-point-title=\"\" data-point-type=\"image\" data-point-marker-width=\"\" data-point-marker-height=\"\"><\/div><\/div>[\/vc_column][\/vc_row][vc_row padding_bottom_multiplier=&#8221;&#8221;][vc_column]<div class=\"grve-element grve-slogan grve-align-center\" style=\"\"><h1 class=\"grve-slogan-title grve-align-center grve-h1\"><span>Contact<\/span><\/h1>  <p class=\"\">\n\n\nPlease contact us. Find here contact information and our team members.\n\n\n<\/p><\/div><div class=\"grve-empty-space grve-height-2x\" style=\"\"><\/div>[\/vc_column][\/vc_row][vc_row equal_column_height=&#8221;middle-content&#8221; kswr_row_top_decor_enabled=&#8221;false&#8221; kswr_row_bottom_decor_enabled=&#8221;false&#8221;][vc_column width=&#8221;1\/2&#8243;]<div class=\"grve-element grve-image grve-align-center\" style=\"\">  <div class=\"grve-image-wrapper\"><img loading=\"lazy\" decoding=\"async\" width=\"1280\" height=\"852\" src=\"https:\/\/www.lst-bremen.de\/wp-content\/uploads\/2022\/01\/Besprechungsraum.jpg\" class=\"attachment-full size-full\" alt=\"Besprechungsraum\" srcset=\"https:\/\/www.lst-bremen.de\/wp-content\/uploads\/2022\/01\/Besprechungsraum.jpg 1280w, https:\/\/www.lst-bremen.de\/wp-content\/uploads\/2022\/01\/Besprechungsraum-300x200.jpg 300w, https:\/\/www.lst-bremen.de\/wp-content\/uploads\/2022\/01\/Besprechungsraum-1024x682.jpg 1024w, https:\/\/www.lst-bremen.de\/wp-content\/uploads\/2022\/01\/Besprechungsraum-768x511.jpg 768w\" sizes=\"auto, (max-width: 1280px) 100vw, 1280px\" \/>   <\/div><\/div>[\/vc_column][vc_column width=&#8221;1\/2&#8243; css=&#8221;.vc_custom_1523601072668{border-top-width: 1px !important;border-right-width: 1px !important;border-bottom-width: 1px !important;border-left-width: 1px !important;padding-top: 32px !important;padding-right: 5% !important;padding-bottom: 64px !important;padding-left: 5% !important;border-left-color: #c4c4c4 !important;border-left-style: solid !important;border-right-color: #c4c4c4 !important;border-right-style: solid !important;border-top-color: #c4c4c4 !important;border-top-style: solid !important;border-bottom-color: #c4c4c4 !important;border-bottom-style: solid !important;}&#8221;][vc_row_inner][vc_column_inner]<h5 class=\"grve-element grve-title grve-align-left grve-h3\" style=\"\"><span><br>\nOffice<br>\n<\/span><\/h5><div class=\"grve-element grve-box-icon grve-medium grve-side-icon grve-align-left\" style=\"\"><div class=\"grve-wrapper-icon grve-no-shape\" style=\"\"><i class=\"grve-text-red fa fa-building-o\"><\/i><\/div><div class=\"grve-box-content\">  <p class=\"\">Kirchweg 214<br \/>\nD \u2013 28199 Bremen<\/p><\/div><\/div><div class=\"grve-empty-space grve-height-1x\" style=\"\"><\/div><div class=\"grve-element grve-box-icon grve-medium grve-side-icon grve-align-left\" style=\"\"><div class=\"grve-wrapper-icon grve-no-shape\" style=\"\"><i class=\"grve-text-red fa fa-phone\"><\/i><\/div><div class=\"grve-box-content\">  <p class=\"\">Phone: +49 421 \u2013 48 533 460<br \/>\nFax: +49 421 \u2013 48 533 464<\/p><\/div><\/div><div class=\"grve-empty-space grve-height-1x\" style=\"\"><\/div><div class=\"grve-element grve-box-icon grve-medium grve-side-icon grve-align-left\" style=\"\"><div class=\"grve-wrapper-icon grve-no-shape\" style=\"\"><i class=\"grve-text-red fa fa-envelope-o\"><\/i><\/div><div class=\"grve-box-content\">  <p class=\"\">\n\n\nmail@lst-bremen.de\n\n\n<\/p><\/div><\/div>[\/vc_column_inner][\/vc_row_inner][\/vc_column][\/vc_row][vc_row][vc_column width=&#8221;1\/2&#8243;]\r\n\t\t\t\t<div class=\"grve-team grve-element grve-layout-1\" style=\"\">\r\n\t\t\t<figure class=\"grve-image-hover grve-zoom-none\">\r\n\t\t\t\t<a href=\"mailto:sanders@lst-bremen.de\" target=\"_blank\" rel=\"noopener noreferrer nofollow\" class=\"grve-team-url\"><\/a>\t\t\t\t<div class=\"grve-team-person\">\r\n\t\t\t\t\t<div class=\"grve-bg-dark grve-hover-overlay grve-opacity-70\"><\/div>\r\n\t\t\t\t\t<img loading=\"lazy\" decoding=\"async\" width=\"1280\" height=\"852\" src=\"https:\/\/www.lst-bremen.de\/wp-content\/uploads\/2022\/01\/Andre-Sanders.jpg\" class=\"attachment-full size-full\" alt=\"Andr\u00e9 Sanders\" srcset=\"https:\/\/www.lst-bremen.de\/wp-content\/uploads\/2022\/01\/Andre-Sanders.jpg 1280w, https:\/\/www.lst-bremen.de\/wp-content\/uploads\/2022\/01\/Andre-Sanders-300x200.jpg 300w, https:\/\/www.lst-bremen.de\/wp-content\/uploads\/2022\/01\/Andre-Sanders-1024x682.jpg 1024w, https:\/\/www.lst-bremen.de\/wp-content\/uploads\/2022\/01\/Andre-Sanders-768x511.jpg 768w\" sizes=\"auto, (max-width: 1280px) 100vw, 1280px\" \/>\t\t\t\t<\/div>\r\n\t\t\t\t<figcaption>\r\n\t\t\t\t\t<ul class=\"grve-team-social grve-align-center\">\r\n\t\t\t\t\t\t<li><a href=\"mailto:&#115;&#97;&#110;d&#101;rs&#64;&#108;&#115;&#116;-&#98;&#114;eme&#110;.&#100;e\" class=\"grve-text-hover-primary-1 grve-box-item grve-bg-white grve-circle\"><i class=\"fas fa-envelope\"><\/i><\/a><\/li>\t\t\t\t\t<\/ul>\r\n\t\t\t\t<\/figcaption>\r\n\t\t\t<\/figure>\r\n\t\t\t<div class=\"grve-team-description grve-align-center\">\r\n\t\t\t\t\t\t\t\t<div class=\"grve-team-identity grve-link-text\">Managing Director<\/div>\r\n\t\t\t\t\t\t\t\t\t\t\t\t<a href=\"mailto:sanders@lst-bremen.de\" target=\"_blank\" rel=\"noopener noreferrer nofollow\">\r\n\t\t\t\t\t\t\t\t<h3 class=\"grve-team-name grve-text-hover-primary-1 grve-h5\">Andr\u00e9 Sanders<\/h3>\r\n\t\t\t\t\t\t\t\t<\/a>\r\n\t\t\t\t\t\t\t<\/div>\r\n\t\t<\/div>\r\n\t\t\r\n\t\t[\/vc_column][vc_column width=&#8221;1\/2&#8243;]\r\n\t\t\t\t<div class=\"grve-team grve-element grve-layout-1\" style=\"\">\r\n\t\t\t<figure class=\"grve-image-hover grve-zoom-none\">\r\n\t\t\t\t<a href=\"mailto:draeger@lst-bremen.de\" target=\"_blank\" rel=\"noopener noreferrer nofollow\" class=\"grve-team-url\"><\/a>\t\t\t\t<div class=\"grve-team-person\">\r\n\t\t\t\t\t<div class=\"grve-bg-dark grve-hover-overlay grve-opacity-70\"><\/div>\r\n\t\t\t\t\t<img loading=\"lazy\" decoding=\"async\" width=\"1280\" height=\"852\" src=\"https:\/\/www.lst-bremen.de\/wp-content\/uploads\/2022\/01\/Frank-Draeger.jpg\" class=\"attachment-full size-full\" alt=\"Frank Dr\u00e4ger\" srcset=\"https:\/\/www.lst-bremen.de\/wp-content\/uploads\/2022\/01\/Frank-Draeger.jpg 1280w, https:\/\/www.lst-bremen.de\/wp-content\/uploads\/2022\/01\/Frank-Draeger-300x200.jpg 300w, https:\/\/www.lst-bremen.de\/wp-content\/uploads\/2022\/01\/Frank-Draeger-1024x682.jpg 1024w, https:\/\/www.lst-bremen.de\/wp-content\/uploads\/2022\/01\/Frank-Draeger-768x511.jpg 768w\" sizes=\"auto, (max-width: 1280px) 100vw, 1280px\" \/>\t\t\t\t<\/div>\r\n\t\t\t\t<figcaption>\r\n\t\t\t\t\t<ul class=\"grve-team-social grve-align-center\">\r\n\t\t\t\t\t\t<li><a href=\"mailto:d&#114;ae&#103;e&#114;&#64;ls&#116;&#45;b&#114;e&#109;en&#46;de\" class=\"grve-text-hover-primary-1 grve-box-item grve-bg-white grve-circle\"><i class=\"fas fa-envelope\"><\/i><\/a><\/li>\t\t\t\t\t<\/ul>\r\n\t\t\t\t<\/figcaption>\r\n\t\t\t<\/figure>\r\n\t\t\t<div class=\"grve-team-description grve-align-center\">\r\n\t\t\t\t\t\t\t\t<div class=\"grve-team-identity grve-link-text\">Managing Director<\/div>\r\n\t\t\t\t\t\t\t\t\t\t\t\t<a href=\"mailto:draeger@lst-bremen.de\" target=\"_blank\" rel=\"noopener noreferrer nofollow\">\r\n\t\t\t\t\t\t\t\t<h3 class=\"grve-team-name grve-text-hover-primary-1 grve-h5\">Frank Dr\u00e4ger<\/h3>\r\n\t\t\t\t\t\t\t\t<\/a>\r\n\t\t\t\t\t\t\t<\/div>\r\n\t\t<\/div>\r\n\t\t\r\n\t\t[\/vc_column][\/vc_row][vc_row][vc_column width=&#8221;1\/2&#8243;]\r\n\t\t\t\t<div class=\"grve-team grve-element grve-layout-1\" style=\"\">\r\n\t\t\t<figure class=\"grve-image-hover grve-zoom-none\">\r\n\t\t\t\t<a href=\"mailto:rode@lst-bremen.de\" target=\"_blank\" rel=\"noopener noreferrer nofollow\" class=\"grve-team-url\"><\/a>\t\t\t\t<div class=\"grve-team-person\">\r\n\t\t\t\t\t<div class=\"grve-bg-dark grve-hover-overlay grve-opacity-70\"><\/div>\r\n\t\t\t\t\t<img loading=\"lazy\" decoding=\"async\" width=\"1280\" height=\"852\" src=\"https:\/\/www.lst-bremen.de\/wp-content\/uploads\/2022\/01\/Henry-Rode.jpg\" class=\"attachment-full size-full\" alt=\"Henry Rode\" srcset=\"https:\/\/www.lst-bremen.de\/wp-content\/uploads\/2022\/01\/Henry-Rode.jpg 1280w, https:\/\/www.lst-bremen.de\/wp-content\/uploads\/2022\/01\/Henry-Rode-300x200.jpg 300w, https:\/\/www.lst-bremen.de\/wp-content\/uploads\/2022\/01\/Henry-Rode-1024x682.jpg 1024w, https:\/\/www.lst-bremen.de\/wp-content\/uploads\/2022\/01\/Henry-Rode-768x511.jpg 768w\" sizes=\"auto, (max-width: 1280px) 100vw, 1280px\" \/>\t\t\t\t<\/div>\r\n\t\t\t\t<figcaption>\r\n\t\t\t\t\t<ul class=\"grve-team-social grve-align-center\">\r\n\t\t\t\t\t\t<li><a href=\"mailto:rode&#64;&#108;s&#116;&#45;b&#114;&#101;m&#101;n.d&#101;\" class=\"grve-text-hover-primary-1 grve-box-item grve-bg-white grve-circle\"><i class=\"fas fa-envelope\"><\/i><\/a><\/li>\t\t\t\t\t<\/ul>\r\n\t\t\t\t<\/figcaption>\r\n\t\t\t<\/figure>\r\n\t\t\t<div class=\"grve-team-description grve-align-center\">\r\n\t\t\t\t\t\t\t\t<div class=\"grve-team-identity grve-link-text\">Head of Sales \/ Marketing<\/div>\r\n\t\t\t\t\t\t\t\t\t\t\t\t<a href=\"mailto:rode@lst-bremen.de\" target=\"_blank\" rel=\"noopener noreferrer nofollow\">\r\n\t\t\t\t\t\t\t\t<h3 class=\"grve-team-name grve-text-hover-primary-1 grve-h5\">Henry Rode (Procuration)<\/h3>\r\n\t\t\t\t\t\t\t\t<\/a>\r\n\t\t\t\t\t\t\t<\/div>\r\n\t\t<\/div>\r\n\t\t\r\n\t\t[\/vc_column][vc_column width=&#8221;1\/2&#8243;]\r\n\t\t\t\t<div class=\"grve-team grve-element grve-layout-1\" style=\"\">\r\n\t\t\t<figure class=\"grve-image-hover grve-zoom-none\">\r\n\t\t\t\t<a href=\"mailto:menze@lst-bremen.de\" target=\"_blank\" rel=\"noopener noreferrer nofollow\" class=\"grve-team-url\"><\/a>\t\t\t\t<div class=\"grve-team-person\">\r\n\t\t\t\t\t<div class=\"grve-bg-dark grve-hover-overlay grve-opacity-70\"><\/div>\r\n\t\t\t\t\t<img loading=\"lazy\" decoding=\"async\" width=\"1280\" height=\"852\" src=\"https:\/\/www.lst-bremen.de\/wp-content\/uploads\/2022\/01\/Tobias-Menze.jpg\" class=\"attachment-full size-full\" alt=\"Tobias Menze\" srcset=\"https:\/\/www.lst-bremen.de\/wp-content\/uploads\/2022\/01\/Tobias-Menze.jpg 1280w, https:\/\/www.lst-bremen.de\/wp-content\/uploads\/2022\/01\/Tobias-Menze-300x200.jpg 300w, https:\/\/www.lst-bremen.de\/wp-content\/uploads\/2022\/01\/Tobias-Menze-1024x682.jpg 1024w, https:\/\/www.lst-bremen.de\/wp-content\/uploads\/2022\/01\/Tobias-Menze-768x511.jpg 768w\" sizes=\"auto, (max-width: 1280px) 100vw, 1280px\" \/>\t\t\t\t<\/div>\r\n\t\t\t\t<figcaption>\r\n\t\t\t\t\t<ul class=\"grve-team-social grve-align-center\">\r\n\t\t\t\t\t\t<li><a href=\"mailto:men&#122;&#101;&#64;&#108;&#115;t&#45;&#98;&#114;&#101;&#109;en&#46;d&#101;\" class=\"grve-text-hover-primary-1 grve-box-item grve-bg-white grve-circle\"><i class=\"fas fa-envelope\"><\/i><\/a><\/li>\t\t\t\t\t<\/ul>\r\n\t\t\t\t<\/figcaption>\r\n\t\t\t<\/figure>\r\n\t\t\t<div class=\"grve-team-description grve-align-center\">\r\n\t\t\t\t\t\t\t\t<div class=\"grve-team-identity grve-link-text\">Service \/ Marketing<\/div>\r\n\t\t\t\t\t\t\t\t\t\t\t\t<a href=\"mailto:menze@lst-bremen.de\" target=\"_blank\" rel=\"noopener noreferrer nofollow\">\r\n\t\t\t\t\t\t\t\t<h3 class=\"grve-team-name grve-text-hover-primary-1 grve-h5\">Tobias Menze<\/h3>\r\n\t\t\t\t\t\t\t\t<\/a>\r\n\t\t\t\t\t\t\t<\/div>\r\n\t\t<\/div>\r\n\t\t\r\n\t\t[\/vc_column][\/vc_row][vc_row bg_type=&#8221;image&#8221; bg_image=&#8221;50&#8243; padding_top_multiplier=&#8221;&#8221; padding_bottom_multiplier=&#8221;&#8221; kswr_row_top_decor_enabled=&#8221;false&#8221; kswr_row_bottom_decor_enabled=&#8221;false&#8221;][vc_column width=&#8221;7\/12&#8243; tablet_sm_width=&#8221;1&#8243; css=&#8221;.vc_custom_1509091586014{margin-bottom: 0px !important;padding-right: 60px !important;padding-left: 60px !important;background-color: #ffffff !important;}&#8221;]<div class=\"grve-empty-space grve-height-2x\" style=\"\"><\/div><div class=\"grve-element grve-slogan grve-align-left\" style=\"\"><h2 class=\"grve-slogan-title grve-align-left grve-h2\"><span>Did you have questions?<\/span><\/h2>  <p class=\"grve-leader-text\">\n\n\nWrite us. We are pleased about your message!\n\n\n<\/p><\/div><div class=\"grve-empty-space grve-height-2x\" style=\"\"><\/div>\n<div class=\"wpcf7 no-js\" id=\"wpcf7-f13-o1\" lang=\"de-DE\" dir=\"ltr\" data-wpcf7-id=\"13\">\n<div class=\"screen-reader-response\"><p role=\"status\" aria-live=\"polite\" aria-atomic=\"true\"><\/p> <ul><\/ul><\/div>\n<form action=\"\/en\/wp-json\/wp\/v2\/pages\/533#wpcf7-f13-o1\" method=\"post\" class=\"wpcf7-form init\" aria-label=\"Kontaktformular\" novalidate=\"novalidate\" data-status=\"init\">\n<fieldset class=\"hidden-fields-container\"><input type=\"hidden\" name=\"_wpcf7\" value=\"13\" \/><input type=\"hidden\" name=\"_wpcf7_version\" value=\"6.1.5\" \/><input type=\"hidden\" name=\"_wpcf7_locale\" value=\"de_DE\" \/><input type=\"hidden\" name=\"_wpcf7_unit_tag\" value=\"wpcf7-f13-o1\" \/><input type=\"hidden\" name=\"_wpcf7_container_post\" value=\"0\" \/><input type=\"hidden\" name=\"_wpcf7_posted_data_hash\" value=\"\" \/><input type=\"hidden\" name=\"_wpcf7_recaptcha_response\" value=\"\" \/>\n<\/fieldset>\n<div class=\"grve-form grve-underline\">\n\t<div class=\"grve-fields-wrapper\">\n\t\t<div>\n\t\t\t<p><span class=\"wpcf7-form-control-wrap\" data-name=\"your-name\"><input size=\"40\" maxlength=\"400\" class=\"wpcf7-form-control wpcf7-text wpcf7-validates-as-required\" aria-required=\"true\" aria-invalid=\"false\" placeholder=\"Ihr Name (erforderlich)\" value=\"\" type=\"text\" name=\"your-name\" \/><\/span>\n\t\t\t<\/p>\n\t\t<\/div>\n\t\t<div>\n\t\t\t<p><span class=\"wpcf7-form-control-wrap\" data-name=\"your-email\"><input size=\"40\" maxlength=\"400\" class=\"wpcf7-form-control wpcf7-email wpcf7-validates-as-required wpcf7-text wpcf7-validates-as-email\" aria-required=\"true\" aria-invalid=\"false\" placeholder=\"Ihre E-Mail (erforderlich)\" value=\"\" type=\"email\" name=\"your-email\" \/><\/span>\n\t\t\t<\/p>\n\t\t<\/div>\n\t\t<div>\n\t\t\t<p><span class=\"wpcf7-form-control-wrap\" data-name=\"your-subject\"><input size=\"40\" maxlength=\"400\" class=\"wpcf7-form-control wpcf7-text\" aria-invalid=\"false\" placeholder=\"Betreff\" value=\"\" type=\"text\" name=\"your-subject\" \/><\/span>\n\t\t\t<\/p>\n\t\t<\/div>\n\t\t<div>\n\t\t\t<p><span class=\"wpcf7-form-control-wrap\" data-name=\"your-message\"><textarea cols=\"40\" rows=\"10\" maxlength=\"2000\" class=\"wpcf7-form-control wpcf7-textarea\" aria-invalid=\"false\" placeholder=\"Ihre Nachricht\" name=\"your-message\"><\/textarea><\/span>\n\t\t\t<\/p>\n\t\t<\/div>\n\t\t<p><span class=\"wpcf7-form-control-wrap\" data-name=\"your-consent\"><span class=\"wpcf7-form-control wpcf7-acceptance\"><span class=\"wpcf7-list-item\"><label><input type=\"checkbox\" name=\"your-consent\" value=\"1\" aria-invalid=\"false\" \/><span class=\"wpcf7-list-item-label\">Ich habe die <a href=\"\/datenschutz\/\" target=\"blank\">Datenschutzerkl\u00e4rung<\/a> zur Kenntnis genommen. Ich stimme zu, dass meine Angaben zur Kontaktaufnahme und f\u00fcr R\u00fcckfragen f\u00fcr die Dauer der Verarbeitung gespeichert werden.<\/span><\/label><\/span><\/span><\/span>\n\t\t<\/p>\n\t\t<div>\n\t\t\t<p><input class=\"wpcf7-form-control wpcf7-submit has-spinner\" type=\"submit\" value=\"Nachricht senden\" \/>\n\t\t\t<\/p>\n\t\t<\/div>\n\t<\/div>\n<\/div><div class=\"wpcf7-response-output\" aria-hidden=\"true\"><\/div>\n<\/form>\n<\/div>\n<div class=\"grve-empty-space grve-height-2x\" style=\"\"><\/div>[\/vc_column][vc_column width=&#8221;5\/12&#8243; tablet_sm_width=&#8221;hide&#8221; mobile_width=&#8221;hide&#8221;][\/vc_column][\/vc_row]<\/p>\n<\/div>","protected":false},"excerpt":{"rendered":"<p>[vc_row section_type=&#8221;fullwidth&#8221; padding_top_multiplier=&#8221;&#8221; padding_bottom_multiplier=&#8221;&#8221; columns_gap=&#8221;none&#8221; margin_bottom=&#8221;0&#8243;][vc_column tablet_sm_width=&#8221;1&#8243;][\/vc_column][\/vc_row][vc_row padding_bottom_multiplier=&#8221;&#8221;][vc_column][\/vc_column][\/vc_row][vc_row equal_column_height=&#8221;middle-content&#8221; kswr_row_top_decor_enabled=&#8221;false&#8221; kswr_row_bottom_decor_enabled=&#8221;false&#8221;][vc_column width=&#8221;1\/2&#8243;][\/vc_column][vc_column width=&#8221;1\/2&#8243; css=&#8221;.vc_custom_1523601072668{border-top-width: 1px !important;border-right-width: 1px !important;border-bottom-width: 1px !important;border-left-width: 1px !important;padding-top: 32px !important;padding-right: 5% !important;padding-bottom: 64px !important;padding-left: 5% !important;border-left-color: #c4c4c4 !important;border-left-style: solid !important;border-right-color: #c4c4c4 !important;border-right-style: solid !important;border-top-color: #c4c4c4 !important;border-top-style: solid !important;border-bottom-color: #c4c4c4 !important;border-bottom-style: solid !important;}&#8221;][vc_row_inner][vc_column_inner][\/vc_column_inner][\/vc_row_inner][\/vc_column][\/vc_row][vc_row][vc_column width=&#8221;1\/2&#8243;][\/vc_column][vc_column width=&#8221;1\/2&#8243;][\/vc_column][\/vc_row][vc_row][vc_column width=&#8221;1\/2&#8243;][\/vc_column][vc_column width=&#8221;1\/2&#8243;][\/vc_column][\/vc_row][vc_row bg_type=&#8221;image&#8221; bg_image=&#8221;50&#8243; padding_top_multiplier=&#8221;&#8221; padding_bottom_multiplier=&#8221;&#8221; kswr_row_top_decor_enabled=&#8221;false&#8221; [&hellip;]<\/p>\n","protected":false},"author":2,"featured_media":0,"parent":0,"menu_order":0,"comment_status":"closed","ping_status":"closed","template":"","meta":{"footnotes":""},"class_list":["post-533","page","type-page","status-publish","hentry"],"aioseo_notices":[],"_links":{"self":[{"href":"https:\/\/www.lst-bremen.de\/en\/wp-json\/wp\/v2\/pages\/533","targetHints":{"allow":["GET"]}}],"collection":[{"href":"https:\/\/www.lst-bremen.de\/en\/wp-json\/wp\/v2\/pages"}],"about":[{"href":"https:\/\/www.lst-bremen.de\/en\/wp-json\/wp\/v2\/types\/page"}],"author":[{"embeddable":true,"href":"https:\/\/www.lst-bremen.de\/en\/wp-json\/wp\/v2\/users\/2"}],"replies":[{"embeddable":true,"href":"https:\/\/www.lst-bremen.de\/en\/wp-json\/wp\/v2\/comments?post=533"}],"version-history":[{"count":32,"href":"https:\/\/www.lst-bremen.de\/en\/wp-json\/wp\/v2\/pages\/533\/revisions"}],"predecessor-version":[{"id":1174,"href":"https:\/\/www.lst-bremen.de\/en\/wp-json\/wp\/v2\/pages\/533\/revisions\/1174"}],"wp:attachment":[{"href":"https:\/\/www.lst-bremen.de\/en\/wp-json\/wp\/v2\/media?parent=533"}],"curies":[{"name":"wp","href":"https:\/\/api.w.org\/{rel}","templated":true}]}}