{"id":472,"date":"2018-05-31T09:13:56","date_gmt":"2018-05-31T07:13:56","guid":{"rendered":"https:\/\/www.lst-bremen.de\/?page_id=472"},"modified":"2022-01-07T10:59:25","modified_gmt":"2022-01-07T09:59:25","slug":"imprint","status":"publish","type":"page","link":"https:\/\/www.lst-bremen.de\/en\/imprint\/","title":{"rendered":"Imprint"},"content":{"rendered":"<div class=\"wpb-content-wrapper\"><p>[vc_row][vc_column][vc_row_inner][vc_column_inner width=&#8221;1\/2&#8243;][vc_column_text]LST GmbH, Lloyd Systemtechnik<\/p>\n<p>Entwicklung, Projektierung, Inbetriebnahme von Schalt- und Steuerungsanlagen, Regler- und Erregersystemen<\/p>\n<p>Kirchweg 214<br \/>\nD \u2013 28199 Bremen<\/p>\n<p>Telefon: +49 421 \u2013 48 533 460<br \/>\nTelefax: +49 421 \u2013 48 533 464<\/p>\n<p>Internet: www.lst-bremen.de<br \/>\nE-Mail: <a href=\"mailto:mail@lst-bremen.de\">mail@lst-bremen.de<\/a>[\/vc_column_text][\/vc_column_inner][vc_column_inner width=&#8221;1\/2&#8243;][vc_column_text]Sitz der Gesellschaft 28207 Bremen<br \/>\nAmtsgericht Bremen HRB 24 699 HB<br \/>\nUSt.-Id-Nr. DE 30 53 75 877<\/p>\n<p>Gesch\u00e4ftsf\u00fchrer: Andr\u00e9 Sanders, Frank Dr\u00e4ger<\/p>\n<p>Entwicklung und Gestaltung der Internetpr\u00e4senz:<br \/>\nMediaService\/<a href=\"http:\/\/www.wpfabrik.com\">WPFabrik<\/a><\/p>\n<p>Alle Fotos: Herv\u00e9 Maillet\/Andreas Stuckenbrock\/Shutterstock[\/vc_column_text][\/vc_column_inner][\/vc_row_inner]<div class=\"grve-empty-space grve-height-1x\" style=\"\"><\/div>[vc_column_text]LST \u00fcbernimmt keinerlei Gew\u00e4hr f\u00fcr die Aktualit\u00e4t, Korrektheit, Vollst\u00e4ndigkeit oder Qualit\u00e4t der bereitgestellten Informationen. Haftungsanspr\u00fcche gegen LST, welche sich auf Sch\u00e4den materieller oder ideeller Art beziehen, die durch die Nutzung oder Nichtnutzung der dargebotenen Informationen bzw. durch die Nutzung fehlerhafter und unvollst\u00e4ndiger Informationen verursacht wurden, sind grunds\u00e4tzlich ausgeschlossen, sofern seitens LST kein nachweislich vors\u00e4tzliches oder grob fahrl\u00e4ssiges Verschulden vorliegt. Alle Angebote sind freibleibend und unverbindlich. LST beh\u00e4lt es sich ausdr\u00fccklich vor, Teile der Seiten oder das gesamte Angebot ohne gesonderte Ank\u00fcndigung zu ver\u00e4ndern, zu erg\u00e4nzen, zu l\u00f6schen oder die Ver\u00f6ffentlichung zeitweise oder endg\u00fcltig einzustellen.<\/p>\n<p><strong>Verweise und Links<\/strong><\/p>\n<p>Bei direkten oder indirekten Verweisen auf fremde Internetseiten, sogenannten \u201eLinks\u201c, die au\u00dferhalb des Verantwortungsbereiches der LST liegen, w\u00fcrde eine Haftungsverpflichtung ausschlie\u00dflich in dem Fall in Kraft treten, in dem LST von den Inhalten Kenntnis hat und es selbiger technisch m\u00f6glich und zumutbar w\u00e4re, die Nutzung im Falle rechtswidriger Inhalte zu verhindern. LST erkl\u00e4rt hiermit ausdr\u00fccklich, dass zum Zeitpunkt der Linksetzung die entsprechenden verlinkten Seiten frei von illegalen Inhalten waren. Auf die aktuelle und zuk\u00fcnftige Gestaltung, die Inhalte oder die Urheberschaft der gelinkten, bzw. verkn\u00fcpften Seiten hat LST keinerlei Einfluss. Deshalb distanziert sich LST hiermit ausdr\u00fccklich von allen Inhalten aller gelinkten, bzw. verkn\u00fcpften Seiten, die nach der Linksetzung ver\u00e4ndert wurden. Diese Feststellung gilt f\u00fcr alle innerhalb des eigenen Internetangebotes gesetzten Links und Verweise sowie f\u00fcr Fremdeintr\u00e4ge in von dem Unternehmen eingerichteten Services wie G\u00e4steb\u00fcchern, Diskussionsforen, Mailinglisten und \u00e4hnlichem. F\u00fcr illegale, fehlerhafte oder unvollst\u00e4ndige Inhalte und insbesondere f\u00fcr Sch\u00e4den, die aus der Nutzung oder Nichtnutzung solcherart dargebotener Informationen entstehen, haftet allein der Anbieter der Seite, auf welche verwiesen wurde, nicht derjenige, der \u00fcber Links auf die jeweilige Ver\u00f6ffentlichung lediglich verweist.<\/p>\n<p><strong>Urheber- und Kennzeichenrecht<\/strong><\/p>\n<p>LST ist bestrebt, in allen Publikationen die Urheberrechte der verwendeten Grafiken, Tondokumente, Videosequenzen und Texte zu beachten, von ihr selbst erstellte Grafiken, Tondokumente, Videosequenzen und Texte zu nutzen oder auf lizenzfreie Grafiken, Tondokumente, Videosequenzen und Texte zur\u00fcckzugreifen. Alle innerhalb des Internetangebotes genannten und ggf. durch Dritte gesch\u00fctzten Marken- und Warenzeichen unterliegen uneingeschr\u00e4nkt den Bestimmungen des jeweils g\u00fcltigen Kennzeichenrechts und den Besitzrechten der jeweiligen eingetragenen Eigent\u00fcmer. Allein aufgrund der blo\u00dfen Nennung ist nicht der Schluss zu ziehen, dass Markenzeichen nicht durch Rechte Dritter gesch\u00fctzt sind! Das Copyright f\u00fcr ver\u00f6ffentlichte, von LST selbst erstellte Objekte bleibt allein beim Besitzer der Seiten. Eine Vervielf\u00e4ltigung oder Verwendung solcher Grafiken, Tondokumente, Videosequenzen und Texte in anderen elektronischen oder gedruckten Publikationen ist ohne ausdr\u00fcckliche Zustimmung der LST nicht gestattet.<\/p>\n<p><strong>Copyright\/Haftung<\/strong><\/p>\n<p>Im Hinblick auf die technischen Eigenschaften des Internet kann keine Gew\u00e4hr f\u00fcr die Authentizit\u00e4t, Richtigkeit und Vollst\u00e4ndigkeit der im Internet zur Verf\u00fcgung gestellten Informationen \u00fcbernommen werden. Es wird auch keine Gew\u00e4hr f\u00fcr die Verf\u00fcgbarkeit oder den Betrieb der gegenst\u00e4ndlichen Homepage und ihrer Inhalte \u00fcbernommen. Jede Haftung f\u00fcr unmittelbare, mittelbare oder sonstige Sch\u00e4den, unabh\u00e4ngig von deren Ursachen, die aus der Benutzung oder Nichtverf\u00fcgbarkeit der Daten und Informationen dieser Homepage erwachsen, wird, soweit rechtlich zul\u00e4ssig, ausgeschlossen. Der Inhalt dieser Homepage ist urheberrechtlich gesch\u00fctzt. Die Informationen sind nur f\u00fcr die pers\u00f6nliche Verwendung bestimmt. Jede weitergehende Nutzung insbesondere die Speicherung in Datenbanken, Vervielf\u00e4ltigung und jede Form von gewerblicher Nutzung sowie die Weitergabe an Dritte auch in Teilen oder in \u00fcberarbeiteter Form ohne Zustimmung der jeweiligen Organisation ist untersagt. Jede Einbindung einzelner Seiten unseres Angebotes in fremde Frames ist zu unterlassen.<\/p>\n<p><strong>Sonstiges<\/strong><\/p>\n<p>Sofern Teile oder einzelne Formulierungen dieses Textes der geltenden Rechtslage nicht, nicht mehr oder nicht vollst\u00e4ndig entsprechen sollten, bleiben die \u00fcbrigen Teile des Dokumentes in ihrem Inhalt und ihrer G\u00fcltigkeit davon unber\u00fchrt.<\/p>\n<p>Wir habe im Sinne der besseren Lesbarkeit der Inhalte dieser Webseite oder in unserem Blog entweder die m\u00e4nnliche oder weibliche Form von personenbezogenen Bezeichnungen gew\u00e4hlt. Dies impliziert keinesfalls eine Benachteiligung des jeweils anderen Geschlechts. Wenn wir also zum Beispiel von Unternehmern oder Mitarbeitern spreche, meinen wir gleicherma\u00dfen und selbstverst\u00e4ndlich auch Unternehmerinnen und Mitarbeiterinnen. Alle Informationen sprechen Frauen und M\u00e4nner gleicherma\u00dfen an.<\/p>\n<p><strong>Bildnachweise<\/strong><br \/>\n<a title=\"Photo by CEphoto, Uwe Aranas\u00a0\/\u00a0\" href=\"https:\/\/commons.wikimedia.org\/wiki\/File:Godorf_Cologne_Rhineland-Refinery-Cooling-Towers-during-demolition-02.jpg\">Shell Godorf, Photo by CEphoto, Uwe Aranas<\/a><br \/>\nAVA Augsburg By Mailtosap (Sascha P\u00f6schl) [<a href=\"https:\/\/creativecommons.org\/licenses\/by-sa\/3.0\">CC BY-SA 3.0<\/a>], <a href=\"https:\/\/commons.wikimedia.org\/wiki\/File:Abfallverwertungsanlage_Augsburg.JPG\">from Wikimedia Commons<\/a><br \/>\nBy <a title=\"User:Elmschrat\" href=\"\/\/commons.wikimedia.org\/wiki\/User:Elmschrat\">Elmschrat<\/a> &#8211; <span class=\"int-own-work\" lang=\"en\">Own work<\/span>, <a title=\"Creative Commons Attribution-Share Alike 3.0\" href=\"https:\/\/creativecommons.org\/licenses\/by-sa\/3.0\">CC BY-SA 3.0<\/a>, <a href=\"https:\/\/commons.wikimedia.org\/w\/index.php?curid=8360692\">Link<\/a>[\/vc_column_text][\/vc_column][\/vc_row]<\/p>\n<\/div>","protected":false},"excerpt":{"rendered":"<p>[vc_row][vc_column][vc_row_inner][vc_column_inner width=&#8221;1\/2&#8243;][vc_column_text]LST GmbH, Lloyd Systemtechnik Entwicklung, Projektierung, Inbetriebnahme von Schalt- und Steuerungsanlagen, Regler- und Erregersystemen Kirchweg 214 D \u2013 28199 Bremen Telefon: +49 421 \u2013 48 533 460 Telefax: +49 421 \u2013 48 533 464 Internet: www.lst-bremen.de E-Mail: mail@lst-bremen.de[\/vc_column_text][\/vc_column_inner][vc_column_inner width=&#8221;1\/2&#8243;][vc_column_text]Sitz der Gesellschaft 28207 Bremen Amtsgericht Bremen HRB 24 699 HB USt.-Id-Nr. DE 30 53 75 [&hellip;]<\/p>\n","protected":false},"author":2,"featured_media":0,"parent":0,"menu_order":0,"comment_status":"closed","ping_status":"closed","template":"","meta":{"footnotes":""},"class_list":["post-472","page","type-page","status-publish","hentry"],"aioseo_notices":[],"_links":{"self":[{"href":"https:\/\/www.lst-bremen.de\/en\/wp-json\/wp\/v2\/pages\/472","targetHints":{"allow":["GET"]}}],"collection":[{"href":"https:\/\/www.lst-bremen.de\/en\/wp-json\/wp\/v2\/pages"}],"about":[{"href":"https:\/\/www.lst-bremen.de\/en\/wp-json\/wp\/v2\/types\/page"}],"author":[{"embeddable":true,"href":"https:\/\/www.lst-bremen.de\/en\/wp-json\/wp\/v2\/users\/2"}],"replies":[{"embeddable":true,"href":"https:\/\/www.lst-bremen.de\/en\/wp-json\/wp\/v2\/comments?post=472"}],"version-history":[{"count":6,"href":"https:\/\/www.lst-bremen.de\/en\/wp-json\/wp\/v2\/pages\/472\/revisions"}],"predecessor-version":[{"id":1006,"href":"https:\/\/www.lst-bremen.de\/en\/wp-json\/wp\/v2\/pages\/472\/revisions\/1006"}],"wp:attachment":[{"href":"https:\/\/www.lst-bremen.de\/en\/wp-json\/wp\/v2\/media?parent=472"}],"curies":[{"name":"wp","href":"https:\/\/api.w.org\/{rel}","templated":true}]}}