{"id":1235,"date":"2022-11-11T18:26:35","date_gmt":"2022-11-11T17:26:35","guid":{"rendered":"https:\/\/www.lst-bremen.de\/?page_id=1235"},"modified":"2022-11-14T16:39:37","modified_gmt":"2022-11-14T15:39:37","slug":"training-and-education","status":"publish","type":"page","link":"https:\/\/www.lst-bremen.de\/en\/service\/training-and-education\/","title":{"rendered":"Training and Education"},"content":{"rendered":"<div class=\"wpb-content-wrapper\"><p>[vc_row equal_column_height=&#8221;middle-content&#8221; margin_bottom=&#8221;0&#8243;][vc_column width=&#8221;1\/2&#8243;]<h2 class=\"grve-element grve-title grve-align-left grve-animated-item grve-duration-normal grve-fade-in-up grve-h2\" style=\"\" data-delay=\"200\"><span>On request, we offer product training or specific systems training in our training center in Bremen or on site.<\/span><\/h2>[\/vc_column][vc_column width=&#8221;1\/2&#8243;]<div class=\"grve-element grve-image grve-animated-item grve-duration-normal grve-fade-in-up grve-align-center\" style=\"\" data-delay=\"300\">  <div class=\"grve-image-wrapper\"><img loading=\"lazy\" decoding=\"async\" width=\"1280\" height=\"852\" src=\"https:\/\/www.lst-bremen.de\/wp-content\/uploads\/2022\/01\/Besprechungsraum.jpg\" class=\"attachment-full size-full\" alt=\"Besprechungsraum\" srcset=\"https:\/\/www.lst-bremen.de\/wp-content\/uploads\/2022\/01\/Besprechungsraum.jpg 1280w, https:\/\/www.lst-bremen.de\/wp-content\/uploads\/2022\/01\/Besprechungsraum-300x200.jpg 300w, https:\/\/www.lst-bremen.de\/wp-content\/uploads\/2022\/01\/Besprechungsraum-1024x682.jpg 1024w, https:\/\/www.lst-bremen.de\/wp-content\/uploads\/2022\/01\/Besprechungsraum-768x511.jpg 768w\" sizes=\"auto, (max-width: 1280px) 100vw, 1280px\" \/>   <\/div><\/div>[\/vc_column][\/vc_row][vc_row heading_color=&#8221;dark&#8221; bg_type=&#8221;color&#8221; bg_color=&#8221;#f7f7f7&#8243;][vc_column][vc_tta_tour controls_size=&#8221;sm&#8221; active_section=&#8221;1&#8243;][vc_tta_section title=&#8221;Product Details&#8221; tab_id=&#8221;1523873926784-8a701756-d6cd83cd-9aa1&#8243;][vc_row_inner][vc_column_inner][vc_column_text animation=&#8221;grve-fade-in-up&#8221;]<\/p>\n<h5>This includes:<\/h5>\n<ul>\n<li>Development of training and education concepts<\/li>\n<li>Basic training of synchronous machines<\/li>\n<li>Basic training of protection- and synchronizing systems<\/li>\n<li>Customer training for selected protection- and excitation systems<\/li>\n<li>Online customer training<\/li>\n<li>Video conference<\/li>\n<\/ul>\n<p>[\/vc_column_text][\/vc_column_inner][\/vc_row_inner][\/vc_tta_section][vc_tta_section title=&#8221;Gallery&#8221; tab_id=&#8221;1523877009428-6c593515-1949&#8243;]<h3 class=\"grve-element grve-title grve-align-left grve-h3\" style=\"\"><span>Training for:<\/span><\/h3><div class=\"grve-element grve-gallery grve-isotope grve-gallery-popup grve-with-gap\" style=\"\" data-columns=\"3\" data-columns-large-screen=\"3\" data-columns-tablet-landscape=\"2\" data-columns-tablet-portrait=\"2\" data-columns-mobile=\"1\" data-layout=\"fitRows\" data-gutter-size=\"40\">  <div class=\"grve-isotope-container\"><div class=\"grve-isotope-item grve-hover-item grve-hover-style-5\"><div class=\"grve-isotope-item-inner grve-fade-in-up\">  <figure class=\"grve-image-hover\">    <a class=\"grve-item-url\" href=\"https:\/\/www.lst-bremen.de\/wp-content\/uploads\/2022\/11\/Kundenschulung-Erregersystem-Vorort.jpg\"  data-title=\"Kundenschulung-Erregersystem-Vorort\" aria-label=\"Kundenschulung-Erregersystem-Vorort\"><\/a>    <div class=\"grve-hover-overlay grve-bg-dark grve-opacity-50\"><\/div><div class=\"grve-media\"><img loading=\"lazy\" decoding=\"async\" width=\"560\" height=\"560\" src=\"https:\/\/www.lst-bremen.de\/wp-content\/uploads\/2022\/11\/Kundenschulung-Erregersystem-Vorort-560x560.jpg\" class=\"attachment-movedo-grve-small-square size-movedo-grve-small-square\" alt=\"Kundenschulung-Erregersystem-Vorort\" srcset=\"https:\/\/www.lst-bremen.de\/wp-content\/uploads\/2022\/11\/Kundenschulung-Erregersystem-Vorort-560x560.jpg 560w, https:\/\/www.lst-bremen.de\/wp-content\/uploads\/2022\/11\/Kundenschulung-Erregersystem-Vorort-150x150.jpg 150w, https:\/\/www.lst-bremen.de\/wp-content\/uploads\/2022\/11\/Kundenschulung-Erregersystem-Vorort-900x900.jpg 900w\" sizes=\"auto, (max-width: 560px) 100vw, 560px\" \/><\/div><figcaption class=\"grve-content grve-align-center grve-box-item grve-bg-white\"><h3 class=\"grve-title grve-h6 grve-text-black\">Kundenschulung-Erregersystem-Vorort<\/h3><\/figcaption>  <\/figure><\/div><\/div><div class=\"grve-isotope-item grve-hover-item grve-hover-style-5\"><div class=\"grve-isotope-item-inner grve-fade-in-up\">  <figure class=\"grve-image-hover\">    <a class=\"grve-item-url\" href=\"https:\/\/www.lst-bremen.de\/wp-content\/uploads\/2022\/11\/Grundlagenschulung-Synchronmaschine.jpg\"  data-title=\"Grundlagenschulung-Synchronmaschine\" aria-label=\"Grundlagenschulung-Synchronmaschine\"><\/a>    <div class=\"grve-hover-overlay grve-bg-dark grve-opacity-50\"><\/div><div class=\"grve-media\"><img loading=\"lazy\" decoding=\"async\" width=\"560\" height=\"560\" src=\"https:\/\/www.lst-bremen.de\/wp-content\/uploads\/2022\/11\/Grundlagenschulung-Synchronmaschine-560x560.jpg\" class=\"attachment-movedo-grve-small-square size-movedo-grve-small-square\" alt=\"Grundlagenschulung-Synchronmaschine\" srcset=\"https:\/\/www.lst-bremen.de\/wp-content\/uploads\/2022\/11\/Grundlagenschulung-Synchronmaschine-560x560.jpg 560w, https:\/\/www.lst-bremen.de\/wp-content\/uploads\/2022\/11\/Grundlagenschulung-Synchronmaschine-150x150.jpg 150w, https:\/\/www.lst-bremen.de\/wp-content\/uploads\/2022\/11\/Grundlagenschulung-Synchronmaschine-900x900.jpg 900w\" sizes=\"auto, (max-width: 560px) 100vw, 560px\" \/><\/div><figcaption class=\"grve-content grve-align-center grve-box-item grve-bg-white\"><h3 class=\"grve-title grve-h6 grve-text-black\">Grundlagenschulung-Synchronmaschine<\/h3><\/figcaption>  <\/figure><\/div><\/div><div class=\"grve-isotope-item grve-hover-item grve-hover-style-5\"><div class=\"grve-isotope-item-inner grve-fade-in-up\">  <figure class=\"grve-image-hover\">    <a class=\"grve-item-url\" href=\"https:\/\/www.lst-bremen.de\/wp-content\/uploads\/2022\/11\/Vorort-Systemeinweisung.jpg\"  data-title=\"Vorort-Systemeinweisung\" aria-label=\"Vorort-Systemeinweisung\"><\/a>    <div class=\"grve-hover-overlay grve-bg-dark grve-opacity-50\"><\/div><div class=\"grve-media\"><img loading=\"lazy\" decoding=\"async\" width=\"560\" height=\"560\" src=\"https:\/\/www.lst-bremen.de\/wp-content\/uploads\/2022\/11\/Vorort-Systemeinweisung-560x560.jpg\" class=\"attachment-movedo-grve-small-square size-movedo-grve-small-square\" alt=\"Vorort-Systemeinweisung\" srcset=\"https:\/\/www.lst-bremen.de\/wp-content\/uploads\/2022\/11\/Vorort-Systemeinweisung-560x560.jpg 560w, https:\/\/www.lst-bremen.de\/wp-content\/uploads\/2022\/11\/Vorort-Systemeinweisung-150x150.jpg 150w, https:\/\/www.lst-bremen.de\/wp-content\/uploads\/2022\/11\/Vorort-Systemeinweisung-900x900.jpg 900w\" sizes=\"auto, (max-width: 560px) 100vw, 560px\" \/><\/div><figcaption class=\"grve-content grve-align-center grve-box-item grve-bg-white\"><h3 class=\"grve-title grve-h6 grve-text-black\">Vorort-Systemeinweisung<\/h3><\/figcaption>  <\/figure><\/div><\/div><div class=\"grve-isotope-item grve-hover-item grve-hover-style-5\"><div class=\"grve-isotope-item-inner grve-fade-in-up\">  <figure class=\"grve-image-hover\">    <a class=\"grve-item-url\" href=\"https:\/\/www.lst-bremen.de\/wp-content\/uploads\/2022\/11\/Grundlagenschulung.jpg\"  data-title=\"Grundlagenschulung\" aria-label=\"Grundlagenschulung\"><\/a>    <div class=\"grve-hover-overlay grve-bg-dark grve-opacity-50\"><\/div><div class=\"grve-media\"><img loading=\"lazy\" decoding=\"async\" width=\"560\" height=\"560\" src=\"https:\/\/www.lst-bremen.de\/wp-content\/uploads\/2022\/11\/Grundlagenschulung-560x560.jpg\" class=\"attachment-movedo-grve-small-square size-movedo-grve-small-square\" alt=\"Grundlagenschulung\" srcset=\"https:\/\/www.lst-bremen.de\/wp-content\/uploads\/2022\/11\/Grundlagenschulung-560x560.jpg 560w, https:\/\/www.lst-bremen.de\/wp-content\/uploads\/2022\/11\/Grundlagenschulung-150x150.jpg 150w, https:\/\/www.lst-bremen.de\/wp-content\/uploads\/2022\/11\/Grundlagenschulung-900x900.jpg 900w\" sizes=\"auto, (max-width: 560px) 100vw, 560px\" \/><\/div><figcaption class=\"grve-content grve-align-center grve-box-item grve-bg-white\"><h3 class=\"grve-title grve-h6 grve-text-black\">Grundlagenschulung<\/h3><\/figcaption>  <\/figure><\/div><\/div><div class=\"grve-isotope-item grve-hover-item grve-hover-style-5\"><div class=\"grve-isotope-item-inner grve-fade-in-up\">  <figure class=\"grve-image-hover\">    <a class=\"grve-item-url\" href=\"https:\/\/www.lst-bremen.de\/wp-content\/uploads\/2022\/11\/Online-Schulung-Erregersystem-Generatorschutz.jpg\"  data-title=\"Online-Schulung-Erregersystem-Generatorschutz\" aria-label=\"Online-Schulung-Erregersystem-Generatorschutz\"><\/a>    <div class=\"grve-hover-overlay grve-bg-dark grve-opacity-50\"><\/div><div class=\"grve-media\"><img loading=\"lazy\" decoding=\"async\" width=\"560\" height=\"560\" src=\"https:\/\/www.lst-bremen.de\/wp-content\/uploads\/2022\/11\/Online-Schulung-Erregersystem-Generatorschutz-560x560.jpg\" class=\"attachment-movedo-grve-small-square size-movedo-grve-small-square\" alt=\"Online-Schulung-Erregersystem-Generatorschutz\" srcset=\"https:\/\/www.lst-bremen.de\/wp-content\/uploads\/2022\/11\/Online-Schulung-Erregersystem-Generatorschutz-560x560.jpg 560w, https:\/\/www.lst-bremen.de\/wp-content\/uploads\/2022\/11\/Online-Schulung-Erregersystem-Generatorschutz-150x150.jpg 150w, https:\/\/www.lst-bremen.de\/wp-content\/uploads\/2022\/11\/Online-Schulung-Erregersystem-Generatorschutz-900x900.jpg 900w\" sizes=\"auto, (max-width: 560px) 100vw, 560px\" \/><\/div><figcaption class=\"grve-content grve-align-center grve-box-item grve-bg-white\"><h3 class=\"grve-title grve-h6 grve-text-black\">Online-Schulung-Erregersystem-Generatorschutz<\/h3><\/figcaption>  <\/figure><\/div><\/div><div class=\"grve-isotope-item grve-hover-item grve-hover-style-5\"><div class=\"grve-isotope-item-inner grve-fade-in-up\">  <figure class=\"grve-image-hover\">    <a class=\"grve-item-url\" href=\"https:\/\/www.lst-bremen.de\/wp-content\/uploads\/2022\/11\/Produktschulung-Vorort.jpg\"  data-title=\"Produktschulung-Vorort\" aria-label=\"Produktschulung-Vorort\"><\/a>    <div class=\"grve-hover-overlay grve-bg-dark grve-opacity-50\"><\/div><div class=\"grve-media\"><img loading=\"lazy\" decoding=\"async\" width=\"560\" height=\"560\" src=\"https:\/\/www.lst-bremen.de\/wp-content\/uploads\/2022\/11\/Produktschulung-Vorort-560x560.jpg\" class=\"attachment-movedo-grve-small-square size-movedo-grve-small-square\" alt=\"Produktschulung-Vorort\" srcset=\"https:\/\/www.lst-bremen.de\/wp-content\/uploads\/2022\/11\/Produktschulung-Vorort-560x560.jpg 560w, https:\/\/www.lst-bremen.de\/wp-content\/uploads\/2022\/11\/Produktschulung-Vorort-150x150.jpg 150w, https:\/\/www.lst-bremen.de\/wp-content\/uploads\/2022\/11\/Produktschulung-Vorort-900x900.jpg 900w\" sizes=\"auto, (max-width: 560px) 100vw, 560px\" \/><\/div><figcaption class=\"grve-content grve-align-center grve-box-item grve-bg-white\"><h3 class=\"grve-title grve-h6 grve-text-black\">Produktschulung-Vorort<\/h3><\/figcaption>  <\/figure><\/div><\/div>  <\/div><\/div>[\/vc_tta_section][vc_tta_section title=&#8221;Contact&#8221; tab_id=&#8221;1523873926801-da14d0c5-95f583cd-9aa1&#8243;]\n<div class=\"wpcf7 no-js\" id=\"wpcf7-f444-o1\" lang=\"de-DE\" dir=\"ltr\" data-wpcf7-id=\"444\">\n<div class=\"screen-reader-response\"><p role=\"status\" aria-live=\"polite\" aria-atomic=\"true\"><\/p> <ul><\/ul><\/div>\n<form action=\"\/en\/wp-json\/wp\/v2\/pages\/1235#wpcf7-f444-o1\" method=\"post\" class=\"wpcf7-form init\" aria-label=\"Kontaktformular\" novalidate=\"novalidate\" data-status=\"init\">\n<fieldset class=\"hidden-fields-container\"><input type=\"hidden\" name=\"_wpcf7\" value=\"444\" \/><input type=\"hidden\" name=\"_wpcf7_version\" value=\"6.1.5\" \/><input type=\"hidden\" name=\"_wpcf7_locale\" value=\"de_DE\" \/><input type=\"hidden\" name=\"_wpcf7_unit_tag\" value=\"wpcf7-f444-o1\" \/><input type=\"hidden\" name=\"_wpcf7_container_post\" value=\"0\" \/><input type=\"hidden\" name=\"_wpcf7_posted_data_hash\" value=\"\" \/><input type=\"hidden\" name=\"_wpcf7_recaptcha_response\" value=\"\" \/>\n<\/fieldset>\n<div class=\"grve-form-style-2 grve-form-dark\">\n\t<div class=\"grve-one-half\">\n\t\t<p><span class=\"wpcf7-form-control-wrap\" data-name=\"your-name\"><input size=\"40\" maxlength=\"400\" class=\"wpcf7-form-control wpcf7-text wpcf7-validates-as-required\" aria-required=\"true\" aria-invalid=\"false\" placeholder=\"Ihr Name (erforderlich)\" value=\"\" type=\"text\" name=\"your-name\" \/><\/span>\n\t\t<\/p>\n\t<\/div>\n\t<div class=\"grve-one-half grve-last-column\">\n\t\t<p><span class=\"wpcf7-form-control-wrap\" data-name=\"your-email\"><input size=\"40\" maxlength=\"400\" class=\"wpcf7-form-control wpcf7-email wpcf7-validates-as-required wpcf7-text wpcf7-validates-as-email\" aria-required=\"true\" aria-invalid=\"false\" placeholder=\"Ihre Emailadresse (erforderlich)\" value=\"\" type=\"email\" name=\"your-email\" \/><\/span>\n\t\t<\/p>\n\t<\/div>\n\t<div>\n\t\t<p><span class=\"wpcf7-form-control-wrap\" data-name=\"your-subject\"><input size=\"40\" maxlength=\"400\" class=\"wpcf7-form-control wpcf7-text\" aria-invalid=\"false\" placeholder=\"Betreff\" value=\"\" type=\"text\" name=\"your-subject\" \/><\/span>\n\t\t<\/p>\n\t<\/div>\n\t<div>\n\t\t<p><span class=\"wpcf7-form-control-wrap\" data-name=\"your-message\"><textarea cols=\"40\" rows=\"10\" maxlength=\"2000\" class=\"wpcf7-form-control wpcf7-textarea\" aria-invalid=\"false\" placeholder=\"Ihre Nachricht\" name=\"your-message\"><\/textarea><\/span>\n\t\t<\/p>\n\t<\/div>\n\t<div>\n\t\t<p><span class=\"wpcf7-form-control-wrap\" data-name=\"your-consent\"><span class=\"wpcf7-form-control wpcf7-acceptance\"><span class=\"wpcf7-list-item\"><label><input type=\"checkbox\" name=\"your-consent\" value=\"1\" aria-invalid=\"false\" \/><span class=\"wpcf7-list-item-label\">Ich habe die <a href=\"\/datenschutz\/\" target=\"blank\">Datenschutzerkl\u00e4rung<\/a> zur Kenntnis genommen. Ich stimme zu, dass meine Angaben zur Kontaktaufnahme und f\u00fcr R\u00fcckfragen f\u00fcr die Dauer der Verarbeitung gespeichert werden.<\/span><\/label><\/span><\/span><\/span>\n\t\t<\/p>\n\t<\/div>\n\t<div>\n\t\t<p><input class=\"wpcf7-form-control wpcf7-submit has-spinner grve-custom-btn\" type=\"submit\" value=\"Nachricht senden\" \/>\n\t\t<\/p>\n\t<\/div>\n<\/div><div class=\"wpcf7-response-output\" aria-hidden=\"true\"><\/div>\n<\/form>\n<\/div>\n[\/vc_tta_section][\/vc_tta_tour][\/vc_column][\/vc_row]<\/p>\n<\/div>","protected":false},"excerpt":{"rendered":"<p>[vc_row equal_column_height=&#8221;middle-content&#8221; margin_bottom=&#8221;0&#8243;][vc_column width=&#8221;1\/2&#8243;][\/vc_column][vc_column width=&#8221;1\/2&#8243;][\/vc_column][\/vc_row][vc_row heading_color=&#8221;dark&#8221; bg_type=&#8221;color&#8221; bg_color=&#8221;#f7f7f7&#8243;][vc_column][vc_tta_tour controls_size=&#8221;sm&#8221; active_section=&#8221;1&#8243;][vc_tta_section title=&#8221;Product Details&#8221; tab_id=&#8221;1523873926784-8a701756-d6cd83cd-9aa1&#8243;][vc_row_inner][vc_column_inner][vc_column_text animation=&#8221;grve-fade-in-up&#8221;] This includes: Development of training and education concepts Basic training of synchronous machines Basic training of protection- and synchronizing systems Customer training for selected protection- and excitation systems Online customer training Video conference [\/vc_column_text][\/vc_column_inner][\/vc_row_inner][\/vc_tta_section][vc_tta_section title=&#8221;Gallery&#8221; tab_id=&#8221;1523877009428-6c593515-1949&#8243;][\/vc_tta_section][vc_tta_section title=&#8221;Contact&#8221; tab_id=&#8221;1523873926801-da14d0c5-95f583cd-9aa1&#8243;][\/vc_tta_section][\/vc_tta_tour][\/vc_column][\/vc_row]<\/p>\n","protected":false},"author":2,"featured_media":1249,"parent":523,"menu_order":0,"comment_status":"closed","ping_status":"closed","template":"","meta":{"footnotes":""},"class_list":["post-1235","page","type-page","status-publish","has-post-thumbnail","hentry"],"aioseo_notices":[],"_links":{"self":[{"href":"https:\/\/www.lst-bremen.de\/en\/wp-json\/wp\/v2\/pages\/1235","targetHints":{"allow":["GET"]}}],"collection":[{"href":"https:\/\/www.lst-bremen.de\/en\/wp-json\/wp\/v2\/pages"}],"about":[{"href":"https:\/\/www.lst-bremen.de\/en\/wp-json\/wp\/v2\/types\/page"}],"author":[{"embeddable":true,"href":"https:\/\/www.lst-bremen.de\/en\/wp-json\/wp\/v2\/users\/2"}],"replies":[{"embeddable":true,"href":"https:\/\/www.lst-bremen.de\/en\/wp-json\/wp\/v2\/comments?post=1235"}],"version-history":[{"count":8,"href":"https:\/\/www.lst-bremen.de\/en\/wp-json\/wp\/v2\/pages\/1235\/revisions"}],"predecessor-version":[{"id":1348,"href":"https:\/\/www.lst-bremen.de\/en\/wp-json\/wp\/v2\/pages\/1235\/revisions\/1348"}],"up":[{"embeddable":true,"href":"https:\/\/www.lst-bremen.de\/en\/wp-json\/wp\/v2\/pages\/523"}],"wp:featuredmedia":[{"embeddable":true,"href":"https:\/\/www.lst-bremen.de\/en\/wp-json\/wp\/v2\/media\/1249"}],"wp:attachment":[{"href":"https:\/\/www.lst-bremen.de\/en\/wp-json\/wp\/v2\/media?parent=1235"}],"curies":[{"name":"wp","href":"https:\/\/api.w.org\/{rel}","templated":true}]}}