{"id":1198,"date":"2022-11-11T18:26:25","date_gmt":"2022-11-11T17:26:25","guid":{"rendered":"https:\/\/www.lst-bremen.de\/?page_id=1198"},"modified":"2022-11-14T16:36:18","modified_gmt":"2022-11-14T15:36:18","slug":"spareparts","status":"publish","type":"page","link":"https:\/\/www.lst-bremen.de\/en\/service\/spareparts\/","title":{"rendered":"Spareparts"},"content":{"rendered":"<div class=\"wpb-content-wrapper\"><p>[vc_row equal_column_height=&#8221;middle-content&#8221; margin_bottom=&#8221;0&#8243;][vc_column width=&#8221;1\/2&#8243;]<h2 class=\"grve-element grve-title grve-align-left grve-animated-item grve-duration-normal grve-fade-in-up grve-h2\" style=\"\" data-delay=\"200\"><span>To protect your systems from long break downs, we offer spareparts packages and the following service.<\/span><\/h2>[\/vc_column][vc_column width=&#8221;1\/2&#8243;]<div class=\"grve-element grve-image grve-animated-item grve-duration-normal grve-fade-in-up grve-align-center\" style=\"\" data-delay=\"300\">  <div class=\"grve-image-wrapper\"><img loading=\"lazy\" decoding=\"async\" width=\"1280\" height=\"960\" src=\"https:\/\/www.lst-bremen.de\/wp-content\/uploads\/2022\/11\/Steuergeraet-ESG-50-60-10.jpg\" class=\"attachment-full size-full\" alt=\"Steuergeraet-ESG-50-60-10\" srcset=\"https:\/\/www.lst-bremen.de\/wp-content\/uploads\/2022\/11\/Steuergeraet-ESG-50-60-10.jpg 1280w, https:\/\/www.lst-bremen.de\/wp-content\/uploads\/2022\/11\/Steuergeraet-ESG-50-60-10-300x225.jpg 300w, https:\/\/www.lst-bremen.de\/wp-content\/uploads\/2022\/11\/Steuergeraet-ESG-50-60-10-1024x768.jpg 1024w, https:\/\/www.lst-bremen.de\/wp-content\/uploads\/2022\/11\/Steuergeraet-ESG-50-60-10-768x576.jpg 768w, https:\/\/www.lst-bremen.de\/wp-content\/uploads\/2022\/11\/Steuergeraet-ESG-50-60-10-560x420.jpg 560w, https:\/\/www.lst-bremen.de\/wp-content\/uploads\/2022\/11\/Steuergeraet-ESG-50-60-10-900x675.jpg 900w\" sizes=\"auto, (max-width: 1280px) 100vw, 1280px\" \/>   <\/div><\/div>[\/vc_column][\/vc_row][vc_row heading_color=&#8221;dark&#8221; bg_type=&#8221;color&#8221; bg_color=&#8221;#f7f7f7&#8243;][vc_column][vc_tta_tour controls_size=&#8221;sm&#8221; active_section=&#8221;1&#8243;][vc_tta_section title=&#8221;Product Details&#8221; tab_id=&#8221;1523873926784-8a701756-d6cd83cd-9aa1&#8243;][vc_row_inner][vc_column_inner][vc_column_text animation=&#8221;grve-fade-in-up&#8221;]<\/p>\n<h5>Scope of services:<\/h5>\n<ul>\n<li>Advice and recommendation of spareparts<\/li>\n<li>Commissioning of spareparts<\/li>\n<li>Spareparts for digital excitation systems<\/li>\n<li>Spareparts for analog excitation systems<\/li>\n<li>Replacement devices for protection systems SIPROTEC 4, 5<\/li>\n<li>Replacement devices for synchronization systems SIPROTEC 4, 5 und Woodward SPM-D<\/li>\n<li>Rotating diodes for AEG generators (Diodes, Thyristors and BOD-overvoltage protection)<\/li>\n<li>Replacement of current- and voltage transformer<\/li>\n<\/ul>\n<p>[\/vc_column_text][\/vc_column_inner][\/vc_row_inner][\/vc_tta_section][vc_tta_section title=&#8221;Gallery&#8221; tab_id=&#8221;1523877009428-6c593515-1949&#8243;]<h3 class=\"grve-element grve-title grve-align-left grve-h3\" style=\"\"><span>Spare parts of different categories:<\/span><\/h3><div class=\"grve-element grve-gallery grve-isotope grve-gallery-popup grve-with-gap\" style=\"\" data-columns=\"3\" data-columns-large-screen=\"3\" data-columns-tablet-landscape=\"2\" data-columns-tablet-portrait=\"2\" data-columns-mobile=\"1\" data-layout=\"fitRows\" data-gutter-size=\"40\">  <div class=\"grve-isotope-container\"><div class=\"grve-isotope-item grve-hover-item grve-hover-style-5\"><div class=\"grve-isotope-item-inner grve-fade-in-up\">  <figure class=\"grve-image-hover\">    <a class=\"grve-item-url\" href=\"https:\/\/www.lst-bremen.de\/wp-content\/uploads\/2022\/11\/Analog-Spannungsregler-TR5D-1.jpg\"  data-title=\"Analog-Spannungsregler-TR5D\" aria-label=\"Analog-Spannungsregler-TR5D\"><\/a>    <div class=\"grve-hover-overlay grve-bg-dark grve-opacity-50\"><\/div><div class=\"grve-media\"><img loading=\"lazy\" decoding=\"async\" width=\"560\" height=\"560\" src=\"https:\/\/www.lst-bremen.de\/wp-content\/uploads\/2022\/11\/Analog-Spannungsregler-TR5D-1-560x560.jpg\" class=\"attachment-movedo-grve-small-square size-movedo-grve-small-square\" alt=\"Analog-Spannungsregler-TR5D\" srcset=\"https:\/\/www.lst-bremen.de\/wp-content\/uploads\/2022\/11\/Analog-Spannungsregler-TR5D-1-560x560.jpg 560w, https:\/\/www.lst-bremen.de\/wp-content\/uploads\/2022\/11\/Analog-Spannungsregler-TR5D-1-150x150.jpg 150w, https:\/\/www.lst-bremen.de\/wp-content\/uploads\/2022\/11\/Analog-Spannungsregler-TR5D-1-900x900.jpg 900w\" sizes=\"auto, (max-width: 560px) 100vw, 560px\" \/><\/div><figcaption class=\"grve-content grve-align-center grve-box-item grve-bg-white\"><h3 class=\"grve-title grve-h6 grve-text-black\">Analog-Spannungsregler-TR5D<\/h3><\/figcaption>  <\/figure><\/div><\/div><div class=\"grve-isotope-item grve-hover-item grve-hover-style-5\"><div class=\"grve-isotope-item-inner grve-fade-in-up\">  <figure class=\"grve-image-hover\">    <a class=\"grve-item-url\" href=\"https:\/\/www.lst-bremen.de\/wp-content\/uploads\/2022\/11\/Automatisches-Synchronisiergeraet.jpg\"  data-title=\"Automatisches-Synchronisiergeraet\" aria-label=\"Automatisches-Synchronisiergeraet\"><\/a>    <div class=\"grve-hover-overlay grve-bg-dark grve-opacity-50\"><\/div><div class=\"grve-media\"><img loading=\"lazy\" decoding=\"async\" width=\"560\" height=\"560\" src=\"https:\/\/www.lst-bremen.de\/wp-content\/uploads\/2022\/11\/Automatisches-Synchronisiergeraet-560x560.jpg\" class=\"attachment-movedo-grve-small-square size-movedo-grve-small-square\" alt=\"Automatisches-Synchronisiergeraet\" srcset=\"https:\/\/www.lst-bremen.de\/wp-content\/uploads\/2022\/11\/Automatisches-Synchronisiergeraet-560x560.jpg 560w, https:\/\/www.lst-bremen.de\/wp-content\/uploads\/2022\/11\/Automatisches-Synchronisiergeraet-150x150.jpg 150w, https:\/\/www.lst-bremen.de\/wp-content\/uploads\/2022\/11\/Automatisches-Synchronisiergeraet-900x900.jpg 900w\" sizes=\"auto, (max-width: 560px) 100vw, 560px\" \/><\/div><figcaption class=\"grve-content grve-align-center grve-box-item grve-bg-white\"><h3 class=\"grve-title grve-h6 grve-text-black\">Automatisches-Synchronisiergeraet<\/h3><\/figcaption>  <\/figure><\/div><\/div><div class=\"grve-isotope-item grve-hover-item grve-hover-style-5\"><div class=\"grve-isotope-item-inner grve-fade-in-up\">  <figure class=\"grve-image-hover\">    <a class=\"grve-item-url\" href=\"https:\/\/www.lst-bremen.de\/wp-content\/uploads\/2022\/11\/BOD-Ueberspannungsschutz.jpg\"  data-title=\"BOD-Ueberspannungsschutz\" aria-label=\"BOD-Ueberspannungsschutz\"><\/a>    <div class=\"grve-hover-overlay grve-bg-dark grve-opacity-50\"><\/div><div class=\"grve-media\"><img loading=\"lazy\" decoding=\"async\" width=\"560\" height=\"560\" src=\"https:\/\/www.lst-bremen.de\/wp-content\/uploads\/2022\/11\/BOD-Ueberspannungsschutz-560x560.jpg\" class=\"attachment-movedo-grve-small-square size-movedo-grve-small-square\" alt=\"BOD-Ueberspannungsschutz\" srcset=\"https:\/\/www.lst-bremen.de\/wp-content\/uploads\/2022\/11\/BOD-Ueberspannungsschutz-560x560.jpg 560w, https:\/\/www.lst-bremen.de\/wp-content\/uploads\/2022\/11\/BOD-Ueberspannungsschutz-150x150.jpg 150w, https:\/\/www.lst-bremen.de\/wp-content\/uploads\/2022\/11\/BOD-Ueberspannungsschutz-900x900.jpg 900w\" sizes=\"auto, (max-width: 560px) 100vw, 560px\" \/><\/div><figcaption class=\"grve-content grve-align-center grve-box-item grve-bg-white\"><h3 class=\"grve-title grve-h6 grve-text-black\">BOD-Ueberspannungsschutz<\/h3><\/figcaption>  <\/figure><\/div><\/div><div class=\"grve-isotope-item grve-hover-item grve-hover-style-5\"><div class=\"grve-isotope-item-inner grve-fade-in-up\">  <figure class=\"grve-image-hover\">    <a class=\"grve-item-url\" href=\"https:\/\/www.lst-bremen.de\/wp-content\/uploads\/2022\/11\/Erreger-Transformator.jpg\"  data-title=\"Erreger-Transformator\" aria-label=\"Erreger-Transformator\"><\/a>    <div class=\"grve-hover-overlay grve-bg-dark grve-opacity-50\"><\/div><div class=\"grve-media\"><img loading=\"lazy\" decoding=\"async\" width=\"560\" height=\"560\" src=\"https:\/\/www.lst-bremen.de\/wp-content\/uploads\/2022\/11\/Erreger-Transformator-560x560.jpg\" class=\"attachment-movedo-grve-small-square size-movedo-grve-small-square\" alt=\"Erreger-Transformator\" srcset=\"https:\/\/www.lst-bremen.de\/wp-content\/uploads\/2022\/11\/Erreger-Transformator-560x560.jpg 560w, https:\/\/www.lst-bremen.de\/wp-content\/uploads\/2022\/11\/Erreger-Transformator-150x150.jpg 150w, https:\/\/www.lst-bremen.de\/wp-content\/uploads\/2022\/11\/Erreger-Transformator-900x900.jpg 900w\" sizes=\"auto, (max-width: 560px) 100vw, 560px\" \/><\/div><figcaption class=\"grve-content grve-align-center grve-box-item grve-bg-white\"><h3 class=\"grve-title grve-h6 grve-text-black\">Erreger-Transformator<\/h3><\/figcaption>  <\/figure><\/div><\/div><div class=\"grve-isotope-item grve-hover-item grve-hover-style-5\"><div class=\"grve-isotope-item-inner grve-fade-in-up\">  <figure class=\"grve-image-hover\">    <a class=\"grve-item-url\" href=\"https:\/\/www.lst-bremen.de\/wp-content\/uploads\/2022\/11\/Erregersystem-IREG.jpg\"  data-title=\"Erregersystem-IREG\" aria-label=\"Erregersystem-IREG\"><\/a>    <div class=\"grve-hover-overlay grve-bg-dark grve-opacity-50\"><\/div><div class=\"grve-media\"><img loading=\"lazy\" decoding=\"async\" width=\"560\" height=\"560\" src=\"https:\/\/www.lst-bremen.de\/wp-content\/uploads\/2022\/11\/Erregersystem-IREG-560x560.jpg\" class=\"attachment-movedo-grve-small-square size-movedo-grve-small-square\" alt=\"Erregersystem-IREG\" srcset=\"https:\/\/www.lst-bremen.de\/wp-content\/uploads\/2022\/11\/Erregersystem-IREG-560x560.jpg 560w, https:\/\/www.lst-bremen.de\/wp-content\/uploads\/2022\/11\/Erregersystem-IREG-150x150.jpg 150w, https:\/\/www.lst-bremen.de\/wp-content\/uploads\/2022\/11\/Erregersystem-IREG-900x900.jpg 900w\" sizes=\"auto, (max-width: 560px) 100vw, 560px\" \/><\/div><figcaption class=\"grve-content grve-align-center grve-box-item grve-bg-white\"><h3 class=\"grve-title grve-h6 grve-text-black\">Erregersystem-IREG<\/h3><\/figcaption>  <\/figure><\/div><\/div><div class=\"grve-isotope-item grve-hover-item grve-hover-style-5\"><div class=\"grve-isotope-item-inner grve-fade-in-up\">  <figure class=\"grve-image-hover\">    <a class=\"grve-item-url\" href=\"https:\/\/www.lst-bremen.de\/wp-content\/uploads\/2022\/11\/Gleichrichter.jpg\"  data-title=\"Gleichrichter\" aria-label=\"Gleichrichter\"><\/a>    <div class=\"grve-hover-overlay grve-bg-dark grve-opacity-50\"><\/div><div class=\"grve-media\"><img loading=\"lazy\" decoding=\"async\" width=\"560\" height=\"560\" src=\"https:\/\/www.lst-bremen.de\/wp-content\/uploads\/2022\/11\/Gleichrichter-560x560.jpg\" class=\"attachment-movedo-grve-small-square size-movedo-grve-small-square\" alt=\"Gleichrichter\" srcset=\"https:\/\/www.lst-bremen.de\/wp-content\/uploads\/2022\/11\/Gleichrichter-560x560.jpg 560w, https:\/\/www.lst-bremen.de\/wp-content\/uploads\/2022\/11\/Gleichrichter-150x150.jpg 150w, https:\/\/www.lst-bremen.de\/wp-content\/uploads\/2022\/11\/Gleichrichter-900x900.jpg 900w\" sizes=\"auto, (max-width: 560px) 100vw, 560px\" \/><\/div><figcaption class=\"grve-content grve-align-center grve-box-item grve-bg-white\"><h3 class=\"grve-title grve-h6 grve-text-black\">Gleichrichter<\/h3><\/figcaption>  <\/figure><\/div><\/div><div class=\"grve-isotope-item grve-hover-item grve-hover-style-5\"><div class=\"grve-isotope-item-inner grve-fade-in-up\">  <figure class=\"grve-image-hover\">    <a class=\"grve-item-url\" href=\"https:\/\/www.lst-bremen.de\/wp-content\/uploads\/2022\/11\/Impuls-Steuereinheit.jpg\"  data-title=\"Impuls-Steuereinheit\" aria-label=\"Impuls-Steuereinheit\"><\/a>    <div class=\"grve-hover-overlay grve-bg-dark grve-opacity-50\"><\/div><div class=\"grve-media\"><img loading=\"lazy\" decoding=\"async\" width=\"560\" height=\"560\" src=\"https:\/\/www.lst-bremen.de\/wp-content\/uploads\/2022\/11\/Impuls-Steuereinheit-560x560.jpg\" class=\"attachment-movedo-grve-small-square size-movedo-grve-small-square\" alt=\"Impuls-Steuereinheit\" srcset=\"https:\/\/www.lst-bremen.de\/wp-content\/uploads\/2022\/11\/Impuls-Steuereinheit-560x560.jpg 560w, https:\/\/www.lst-bremen.de\/wp-content\/uploads\/2022\/11\/Impuls-Steuereinheit-150x150.jpg 150w, https:\/\/www.lst-bremen.de\/wp-content\/uploads\/2022\/11\/Impuls-Steuereinheit-900x900.jpg 900w\" sizes=\"auto, (max-width: 560px) 100vw, 560px\" \/><\/div><figcaption class=\"grve-content grve-align-center grve-box-item grve-bg-white\"><h3 class=\"grve-title grve-h6 grve-text-black\">Impuls-Steuereinheit<\/h3><\/figcaption>  <\/figure><\/div><\/div><div class=\"grve-isotope-item grve-hover-item grve-hover-style-5\"><div class=\"grve-isotope-item-inner grve-fade-in-up\">  <figure class=\"grve-image-hover\">    <a class=\"grve-item-url\" href=\"https:\/\/www.lst-bremen.de\/wp-content\/uploads\/2022\/11\/Multi-Messwertumformer.jpg\"  data-title=\"Multi-Messwertumformer\" aria-label=\"Multi-Messwertumformer\"><\/a>    <div class=\"grve-hover-overlay grve-bg-dark grve-opacity-50\"><\/div><div class=\"grve-media\"><img loading=\"lazy\" decoding=\"async\" width=\"560\" height=\"560\" src=\"https:\/\/www.lst-bremen.de\/wp-content\/uploads\/2022\/11\/Multi-Messwertumformer-560x560.jpg\" class=\"attachment-movedo-grve-small-square size-movedo-grve-small-square\" alt=\"Multi-Messwertumformer\" srcset=\"https:\/\/www.lst-bremen.de\/wp-content\/uploads\/2022\/11\/Multi-Messwertumformer-560x560.jpg 560w, https:\/\/www.lst-bremen.de\/wp-content\/uploads\/2022\/11\/Multi-Messwertumformer-150x150.jpg 150w, https:\/\/www.lst-bremen.de\/wp-content\/uploads\/2022\/11\/Multi-Messwertumformer-900x900.jpg 900w\" sizes=\"auto, (max-width: 560px) 100vw, 560px\" \/><\/div><figcaption class=\"grve-content grve-align-center grve-box-item grve-bg-white\"><h3 class=\"grve-title grve-h6 grve-text-black\">Multi-Messwertumformer<\/h3><\/figcaption>  <\/figure><\/div><\/div><div class=\"grve-isotope-item grve-hover-item grve-hover-style-5\"><div class=\"grve-isotope-item-inner grve-fade-in-up\">  <figure class=\"grve-image-hover\">    <a class=\"grve-item-url\" href=\"https:\/\/www.lst-bremen.de\/wp-content\/uploads\/2022\/11\/Seildioden-fuer-AEG-Erregermaschinen.jpg\"  data-title=\"Seildioden-f\u00fcr-AEG-Erregermaschinen\" aria-label=\"Seildioden-f\u00fcr-AEG-Erregermaschinen\"><\/a>    <div class=\"grve-hover-overlay grve-bg-dark grve-opacity-50\"><\/div><div class=\"grve-media\"><img loading=\"lazy\" decoding=\"async\" width=\"560\" height=\"560\" src=\"https:\/\/www.lst-bremen.de\/wp-content\/uploads\/2022\/11\/Seildioden-fuer-AEG-Erregermaschinen-560x560.jpg\" class=\"attachment-movedo-grve-small-square size-movedo-grve-small-square\" alt=\"Seildioden\" srcset=\"https:\/\/www.lst-bremen.de\/wp-content\/uploads\/2022\/11\/Seildioden-fuer-AEG-Erregermaschinen-560x560.jpg 560w, https:\/\/www.lst-bremen.de\/wp-content\/uploads\/2022\/11\/Seildioden-fuer-AEG-Erregermaschinen-150x150.jpg 150w, https:\/\/www.lst-bremen.de\/wp-content\/uploads\/2022\/11\/Seildioden-fuer-AEG-Erregermaschinen-900x900.jpg 900w\" sizes=\"auto, (max-width: 560px) 100vw, 560px\" \/><\/div><figcaption class=\"grve-content grve-align-center grve-box-item grve-bg-white\"><h3 class=\"grve-title grve-h6 grve-text-black\">Seildioden-f\u00fcr-AEG-Erregermaschinen<\/h3><\/figcaption>  <\/figure><\/div><\/div><div class=\"grve-isotope-item grve-hover-item grve-hover-style-5\"><div class=\"grve-isotope-item-inner grve-fade-in-up\">  <figure class=\"grve-image-hover\">    <a class=\"grve-item-url\" href=\"https:\/\/www.lst-bremen.de\/wp-content\/uploads\/2022\/11\/Spannungsversorgungen.jpg\"  data-title=\"Spannungsversorgungen\" aria-label=\"Spannungsversorgungen\"><\/a>    <div class=\"grve-hover-overlay grve-bg-dark grve-opacity-50\"><\/div><div class=\"grve-media\"><img loading=\"lazy\" decoding=\"async\" width=\"560\" height=\"560\" src=\"https:\/\/www.lst-bremen.de\/wp-content\/uploads\/2022\/11\/Spannungsversorgungen-560x560.jpg\" class=\"attachment-movedo-grve-small-square size-movedo-grve-small-square\" alt=\"Spannungsversorgungen\" srcset=\"https:\/\/www.lst-bremen.de\/wp-content\/uploads\/2022\/11\/Spannungsversorgungen-560x560.jpg 560w, https:\/\/www.lst-bremen.de\/wp-content\/uploads\/2022\/11\/Spannungsversorgungen-150x150.jpg 150w, https:\/\/www.lst-bremen.de\/wp-content\/uploads\/2022\/11\/Spannungsversorgungen-900x900.jpg 900w\" sizes=\"auto, (max-width: 560px) 100vw, 560px\" \/><\/div><figcaption class=\"grve-content grve-align-center grve-box-item grve-bg-white\"><h3 class=\"grve-title grve-h6 grve-text-black\">Spannungsversorgungen<\/h3><\/figcaption>  <\/figure><\/div><\/div><div class=\"grve-isotope-item grve-hover-item grve-hover-style-5\"><div class=\"grve-isotope-item-inner grve-fade-in-up\">  <figure class=\"grve-image-hover\">    <a class=\"grve-item-url\" href=\"https:\/\/www.lst-bremen.de\/wp-content\/uploads\/2022\/11\/SPS-Steuerung.jpg\"  data-title=\"SPS-Steuerung\" aria-label=\"SPS-Steuerung\"><\/a>    <div class=\"grve-hover-overlay grve-bg-dark grve-opacity-50\"><\/div><div class=\"grve-media\"><img loading=\"lazy\" decoding=\"async\" width=\"560\" height=\"560\" src=\"https:\/\/www.lst-bremen.de\/wp-content\/uploads\/2022\/11\/SPS-Steuerung-560x560.jpg\" class=\"attachment-movedo-grve-small-square size-movedo-grve-small-square\" alt=\"SPS-Steuerung\" srcset=\"https:\/\/www.lst-bremen.de\/wp-content\/uploads\/2022\/11\/SPS-Steuerung-560x560.jpg 560w, https:\/\/www.lst-bremen.de\/wp-content\/uploads\/2022\/11\/SPS-Steuerung-150x150.jpg 150w, https:\/\/www.lst-bremen.de\/wp-content\/uploads\/2022\/11\/SPS-Steuerung-900x900.jpg 900w\" sizes=\"auto, (max-width: 560px) 100vw, 560px\" \/><\/div><figcaption class=\"grve-content grve-align-center grve-box-item grve-bg-white\"><h3 class=\"grve-title grve-h6 grve-text-black\">SPS-Steuerung<\/h3><\/figcaption>  <\/figure><\/div><\/div><div class=\"grve-isotope-item grve-hover-item grve-hover-style-5\"><div class=\"grve-isotope-item-inner grve-fade-in-up\">  <figure class=\"grve-image-hover\">    <a class=\"grve-item-url\" href=\"https:\/\/www.lst-bremen.de\/wp-content\/uploads\/2022\/11\/Strom-und-Spannungswandler.jpg\"  data-title=\"Strom--und-Spannungswandler\" aria-label=\"Strom--und-Spannungswandler\"><\/a>    <div class=\"grve-hover-overlay grve-bg-dark grve-opacity-50\"><\/div><div class=\"grve-media\"><img loading=\"lazy\" decoding=\"async\" width=\"560\" height=\"560\" src=\"https:\/\/www.lst-bremen.de\/wp-content\/uploads\/2022\/11\/Strom-und-Spannungswandler-560x560.jpg\" class=\"attachment-movedo-grve-small-square size-movedo-grve-small-square\" alt=\"Strom- und-Spannungswandler\" srcset=\"https:\/\/www.lst-bremen.de\/wp-content\/uploads\/2022\/11\/Strom-und-Spannungswandler-560x560.jpg 560w, https:\/\/www.lst-bremen.de\/wp-content\/uploads\/2022\/11\/Strom-und-Spannungswandler-150x150.jpg 150w, https:\/\/www.lst-bremen.de\/wp-content\/uploads\/2022\/11\/Strom-und-Spannungswandler-900x900.jpg 900w\" sizes=\"auto, (max-width: 560px) 100vw, 560px\" \/><\/div><figcaption class=\"grve-content grve-align-center grve-box-item grve-bg-white\"><h3 class=\"grve-title grve-h6 grve-text-black\">Strom&#8211;und-Spannungswandler<\/h3><\/figcaption>  <\/figure><\/div><\/div><div class=\"grve-isotope-item grve-hover-item grve-hover-style-5\"><div class=\"grve-isotope-item-inner grve-fade-in-up\">  <figure class=\"grve-image-hover\">    <a class=\"grve-item-url\" href=\"https:\/\/www.lst-bremen.de\/wp-content\/uploads\/2022\/11\/TP-Bedieneinheit.jpg\"  data-title=\"TP-Bedieneinheit\" aria-label=\"TP-Bedieneinheit\"><\/a>    <div class=\"grve-hover-overlay grve-bg-dark grve-opacity-50\"><\/div><div class=\"grve-media\"><img loading=\"lazy\" decoding=\"async\" width=\"560\" height=\"560\" src=\"https:\/\/www.lst-bremen.de\/wp-content\/uploads\/2022\/11\/TP-Bedieneinheit-560x560.jpg\" class=\"attachment-movedo-grve-small-square size-movedo-grve-small-square\" alt=\"TP-Bedieneinheit\" srcset=\"https:\/\/www.lst-bremen.de\/wp-content\/uploads\/2022\/11\/TP-Bedieneinheit-560x560.jpg 560w, https:\/\/www.lst-bremen.de\/wp-content\/uploads\/2022\/11\/TP-Bedieneinheit-150x150.jpg 150w, https:\/\/www.lst-bremen.de\/wp-content\/uploads\/2022\/11\/TP-Bedieneinheit-900x900.jpg 900w\" sizes=\"auto, (max-width: 560px) 100vw, 560px\" \/><\/div><figcaption class=\"grve-content grve-align-center grve-box-item grve-bg-white\"><h3 class=\"grve-title grve-h6 grve-text-black\">TP-Bedieneinheit<\/h3><\/figcaption>  <\/figure><\/div><\/div>  <\/div><\/div>[\/vc_tta_section][vc_tta_section title=&#8221;Contact&#8221; tab_id=&#8221;1523873926801-da14d0c5-95f583cd-9aa1&#8243;]\n<div class=\"wpcf7 no-js\" id=\"wpcf7-f444-o1\" lang=\"de-DE\" dir=\"ltr\" data-wpcf7-id=\"444\">\n<div class=\"screen-reader-response\"><p role=\"status\" aria-live=\"polite\" aria-atomic=\"true\"><\/p> <ul><\/ul><\/div>\n<form action=\"\/en\/wp-json\/wp\/v2\/pages\/1198#wpcf7-f444-o1\" method=\"post\" class=\"wpcf7-form init\" aria-label=\"Kontaktformular\" novalidate=\"novalidate\" data-status=\"init\">\n<fieldset class=\"hidden-fields-container\"><input type=\"hidden\" name=\"_wpcf7\" value=\"444\" \/><input type=\"hidden\" name=\"_wpcf7_version\" value=\"6.1.5\" \/><input type=\"hidden\" name=\"_wpcf7_locale\" value=\"de_DE\" \/><input type=\"hidden\" name=\"_wpcf7_unit_tag\" value=\"wpcf7-f444-o1\" \/><input type=\"hidden\" name=\"_wpcf7_container_post\" value=\"0\" \/><input type=\"hidden\" name=\"_wpcf7_posted_data_hash\" value=\"\" \/><input type=\"hidden\" name=\"_wpcf7_recaptcha_response\" value=\"\" \/>\n<\/fieldset>\n<div class=\"grve-form-style-2 grve-form-dark\">\n\t<div class=\"grve-one-half\">\n\t\t<p><span class=\"wpcf7-form-control-wrap\" data-name=\"your-name\"><input size=\"40\" maxlength=\"400\" class=\"wpcf7-form-control wpcf7-text wpcf7-validates-as-required\" aria-required=\"true\" aria-invalid=\"false\" placeholder=\"Ihr Name (erforderlich)\" value=\"\" type=\"text\" name=\"your-name\" \/><\/span>\n\t\t<\/p>\n\t<\/div>\n\t<div class=\"grve-one-half grve-last-column\">\n\t\t<p><span class=\"wpcf7-form-control-wrap\" data-name=\"your-email\"><input size=\"40\" maxlength=\"400\" class=\"wpcf7-form-control wpcf7-email wpcf7-validates-as-required wpcf7-text wpcf7-validates-as-email\" aria-required=\"true\" aria-invalid=\"false\" placeholder=\"Ihre Emailadresse (erforderlich)\" value=\"\" type=\"email\" name=\"your-email\" \/><\/span>\n\t\t<\/p>\n\t<\/div>\n\t<div>\n\t\t<p><span class=\"wpcf7-form-control-wrap\" data-name=\"your-subject\"><input size=\"40\" maxlength=\"400\" class=\"wpcf7-form-control wpcf7-text\" aria-invalid=\"false\" placeholder=\"Betreff\" value=\"\" type=\"text\" name=\"your-subject\" \/><\/span>\n\t\t<\/p>\n\t<\/div>\n\t<div>\n\t\t<p><span class=\"wpcf7-form-control-wrap\" data-name=\"your-message\"><textarea cols=\"40\" rows=\"10\" maxlength=\"2000\" class=\"wpcf7-form-control wpcf7-textarea\" aria-invalid=\"false\" placeholder=\"Ihre Nachricht\" name=\"your-message\"><\/textarea><\/span>\n\t\t<\/p>\n\t<\/div>\n\t<div>\n\t\t<p><span class=\"wpcf7-form-control-wrap\" data-name=\"your-consent\"><span class=\"wpcf7-form-control wpcf7-acceptance\"><span class=\"wpcf7-list-item\"><label><input type=\"checkbox\" name=\"your-consent\" value=\"1\" aria-invalid=\"false\" \/><span class=\"wpcf7-list-item-label\">Ich habe die <a href=\"\/datenschutz\/\" target=\"blank\">Datenschutzerkl\u00e4rung<\/a> zur Kenntnis genommen. Ich stimme zu, dass meine Angaben zur Kontaktaufnahme und f\u00fcr R\u00fcckfragen f\u00fcr die Dauer der Verarbeitung gespeichert werden.<\/span><\/label><\/span><\/span><\/span>\n\t\t<\/p>\n\t<\/div>\n\t<div>\n\t\t<p><input class=\"wpcf7-form-control wpcf7-submit has-spinner grve-custom-btn\" type=\"submit\" value=\"Nachricht senden\" \/>\n\t\t<\/p>\n\t<\/div>\n<\/div><div class=\"wpcf7-response-output\" aria-hidden=\"true\"><\/div>\n<\/form>\n<\/div>\n[\/vc_tta_section][\/vc_tta_tour][\/vc_column][\/vc_row]<\/p>\n<\/div>","protected":false},"excerpt":{"rendered":"<p>[vc_row equal_column_height=&#8221;middle-content&#8221; margin_bottom=&#8221;0&#8243;][vc_column width=&#8221;1\/2&#8243;][\/vc_column][vc_column width=&#8221;1\/2&#8243;][\/vc_column][\/vc_row][vc_row heading_color=&#8221;dark&#8221; bg_type=&#8221;color&#8221; bg_color=&#8221;#f7f7f7&#8243;][vc_column][vc_tta_tour controls_size=&#8221;sm&#8221; active_section=&#8221;1&#8243;][vc_tta_section title=&#8221;Product Details&#8221; tab_id=&#8221;1523873926784-8a701756-d6cd83cd-9aa1&#8243;][vc_row_inner][vc_column_inner][vc_column_text animation=&#8221;grve-fade-in-up&#8221;] Scope of services: Advice and recommendation of spareparts Commissioning of spareparts Spareparts for digital excitation systems Spareparts for analog excitation systems Replacement devices for protection systems SIPROTEC 4, 5 Replacement devices for synchronization systems SIPROTEC 4, 5 und Woodward SPM-D Rotating [&hellip;]<\/p>\n","protected":false},"author":2,"featured_media":1201,"parent":523,"menu_order":0,"comment_status":"closed","ping_status":"closed","template":"","meta":{"footnotes":""},"class_list":["post-1198","page","type-page","status-publish","has-post-thumbnail","hentry"],"aioseo_notices":[],"_links":{"self":[{"href":"https:\/\/www.lst-bremen.de\/en\/wp-json\/wp\/v2\/pages\/1198","targetHints":{"allow":["GET"]}}],"collection":[{"href":"https:\/\/www.lst-bremen.de\/en\/wp-json\/wp\/v2\/pages"}],"about":[{"href":"https:\/\/www.lst-bremen.de\/en\/wp-json\/wp\/v2\/types\/page"}],"author":[{"embeddable":true,"href":"https:\/\/www.lst-bremen.de\/en\/wp-json\/wp\/v2\/users\/2"}],"replies":[{"embeddable":true,"href":"https:\/\/www.lst-bremen.de\/en\/wp-json\/wp\/v2\/comments?post=1198"}],"version-history":[{"count":8,"href":"https:\/\/www.lst-bremen.de\/en\/wp-json\/wp\/v2\/pages\/1198\/revisions"}],"predecessor-version":[{"id":1345,"href":"https:\/\/www.lst-bremen.de\/en\/wp-json\/wp\/v2\/pages\/1198\/revisions\/1345"}],"up":[{"embeddable":true,"href":"https:\/\/www.lst-bremen.de\/en\/wp-json\/wp\/v2\/pages\/523"}],"wp:featuredmedia":[{"embeddable":true,"href":"https:\/\/www.lst-bremen.de\/en\/wp-json\/wp\/v2\/media\/1201"}],"wp:attachment":[{"href":"https:\/\/www.lst-bremen.de\/en\/wp-json\/wp\/v2\/media?parent=1198"}],"curies":[{"name":"wp","href":"https:\/\/api.w.org\/{rel}","templated":true}]}}